{"id":2,"date":"2016-05-10T03:48:21","date_gmt":"2016-05-10T03:48:21","guid":{"rendered":"https:\/\/siper.pt\/?page_id=2"},"modified":"2024-05-08T08:52:50","modified_gmt":"2024-05-08T08:52:50","slug":"sample-page","status":"publish","type":"page","link":"https:\/\/siper.pt\/","title":{"rendered":"Siper II Lda"},"content":{"rendered":"<p>Instalada em Portugal, dedica-se \u00e0 comercializa\u00e7\u00e3o de materiais isolantes.<\/p>\n<blockquote>\n<p>Representando marcas de grande prestigio nacional e internacional.<\/p>\n<p>Apresenta m\u00faltiplas solu\u00e7\u00f5es para isolamento:<\/p>\n<\/blockquote>\n<blockquote>\n<p>T\u00e9rmico, Ac\u00fastico e Impermeabiliza\u00e7\u00f5es<\/p>\n<p>Aplic\u00e1veis em v\u00e1rios setores da atividade:<\/p>\n<\/blockquote>\n<p>Ind\u00fastria. Ar Condicionado. Constru\u00e7\u00e3o Civil, Aquecimento central, Divis\u00f3rias e Tetos Falsos.<\/p>\n","protected":false},"excerpt":{"rendered":"<p>Instalada em Portugal, dedica-se \u00e0 comercializa\u00e7\u00e3o de materiais isolantes. Representando marcas de grande prestigio nacional e internacional. Apresenta m\u00faltiplas solu\u00e7\u00f5es para isolamento: T\u00e9rmico, Ac\u00fastico e Impermeabiliza\u00e7\u00f5es Aplic\u00e1veis em v\u00e1rios setores da atividade: Ind\u00fastria. Ar Condicionado. Constru\u00e7\u00e3o Civil, Aquecimento central, Divis\u00f3rias e Tetos Falsos.<\/p>\n","protected":false},"author":1,"featured_media":0,"parent":0,"menu_order":0,"comment_status":"closed","ping_status":"open","template":"","meta":{"footnotes":""},"class_list":["post-2","page","type-page","status-publish","hentry"],"_links":{"self":[{"href":"https:\/\/siper.pt\/index.php?rest_route=\/wp\/v2\/pages\/2","targetHints":{"allow":["GET"]}}],"collection":[{"href":"https:\/\/siper.pt\/index.php?rest_route=\/wp\/v2\/pages"}],"about":[{"href":"https:\/\/siper.pt\/index.php?rest_route=\/wp\/v2\/types\/page"}],"author":[{"embeddable":true,"href":"https:\/\/siper.pt\/index.php?rest_route=\/wp\/v2\/users\/1"}],"replies":[{"embeddable":true,"href":"https:\/\/siper.pt\/index.php?rest_route=%2Fwp%2Fv2%2Fcomments&post=2"}],"version-history":[{"count":5,"href":"https:\/\/siper.pt\/index.php?rest_route=\/wp\/v2\/pages\/2\/revisions"}],"predecessor-version":[{"id":235,"href":"https:\/\/siper.pt\/index.php?rest_route=\/wp\/v2\/pages\/2\/revisions\/235"}],"wp:attachment":[{"href":"https:\/\/siper.pt\/index.php?rest_route=%2Fwp%2Fv2%2Fmedia&parent=2"}],"curies":[{"name":"wp","href":"https:\/\/api.w.org\/{rel}","templated":true}]}}